{"id":636,"date":"2024-02-24T12:29:22","date_gmt":"2024-02-24T12:29:22","guid":{"rendered":"https:\/\/solling-hospiz.de\/?page_id=636"},"modified":"2024-08-07T11:08:03","modified_gmt":"2024-08-07T11:08:03","slug":"unser-haus","status":"publish","type":"page","link":"https:\/\/solling-hospiz.de\/index.php\/unser-haus\/","title":{"rendered":"Rundgang durch unser Hospiz"},"content":{"rendered":"\t\t<div data-elementor-type=\"wp-page\" data-elementor-id=\"636\" class=\"elementor elementor-636\">\n\t\t\t\t\t\t<section class=\"elementor-section elementor-top-section elementor-element elementor-element-6297b3e elementor-section-boxed elementor-section-height-default elementor-section-height-default\" data-id=\"6297b3e\" data-element_type=\"section\" data-e-type=\"section\">\n\t\t\t\t\t\t<div class=\"elementor-container elementor-column-gap-default\">\n\t\t\t\t\t<div class=\"elementor-column elementor-col-100 elementor-top-column elementor-element elementor-element-696ed8d\" data-id=\"696ed8d\" data-element_type=\"column\" data-e-type=\"column\">\n\t\t\t<div class=\"elementor-widget-wrap elementor-element-populated\">\n\t\t\t\t\t\t<section class=\"elementor-section elementor-inner-section elementor-element elementor-element-22d9b01 elementor-section-boxed elementor-section-height-default elementor-section-height-default\" data-id=\"22d9b01\" data-element_type=\"section\" data-e-type=\"section\">\n\t\t\t\t\t\t<div class=\"elementor-container elementor-column-gap-default\">\n\t\t\t\t\t<div class=\"elementor-column elementor-col-50 elementor-inner-column elementor-element elementor-element-c887371\" data-id=\"c887371\" data-element_type=\"column\" data-e-type=\"column\">\n\t\t\t<div class=\"elementor-widget-wrap elementor-element-populated\">\n\t\t\t\t\t\t<div class=\"elementor-element elementor-element-8cdd055 elementor-widget elementor-widget-spacer\" data-id=\"8cdd055\" data-element_type=\"widget\" data-e-type=\"widget\" data-widget_type=\"spacer.default\">\n\t\t\t\t<div class=\"elementor-widget-container\">\n\t\t\t\t\t\t\t<div class=\"elementor-spacer\">\n\t\t\t<div class=\"elementor-spacer-inner\"><\/div>\n\t\t<\/div>\n\t\t\t\t\t\t<\/div>\n\t\t\t\t<\/div>\n\t\t\t\t<div class=\"elementor-element elementor-element-5ad7e42 elementor-widget elementor-widget-text-editor\" data-id=\"5ad7e42\" data-element_type=\"widget\" data-e-type=\"widget\" data-widget_type=\"text-editor.default\">\n\t\t\t\t<div class=\"elementor-widget-container\">\n\t\t\t\t\t\t\t\t\t<p style=\"text-align: right;\"><strong>Kommen Sie mit auf einen Rundgang durch unser Hospiz &#8230;<\/strong><\/p><p><strong>Unser Haus ist eine neu erbaute Einrichtung und vereint unter einem Dach alle regionalen Partner, die sich um die Hospiz- und Palliativversorgung k\u00fcmmern.<\/strong><\/p><p><strong>Bereits in der Planungsphase haben wir darauf geachtet, dass eine wohnliche, W\u00e4rme ausstrahlende Gestaltung und Funktionalit\u00e4t kein Widerspruch sind.<\/strong><\/p><p><strong>Helle, lichtdurchflutete Zimmer im Erdgeschoss mit barrierefreiem Zugang zu einer Terrasse mit weitem Blick sowie Gemeinschaftsr\u00e4ume sind die zentralen Elemente.<\/strong><\/p>\t\t\t\t\t\t\t\t<\/div>\n\t\t\t\t<\/div>\n\t\t\t\t<div class=\"elementor-element elementor-element-58ab166 elementor-widget elementor-widget-spacer\" data-id=\"58ab166\" data-element_type=\"widget\" data-e-type=\"widget\" data-widget_type=\"spacer.default\">\n\t\t\t\t<div class=\"elementor-widget-container\">\n\t\t\t\t\t\t\t<div class=\"elementor-spacer\">\n\t\t\t<div class=\"elementor-spacer-inner\"><\/div>\n\t\t<\/div>\n\t\t\t\t\t\t<\/div>\n\t\t\t\t<\/div>\n\t\t\t\t<div class=\"elementor-element elementor-element-a66e8a0 elementor-widget elementor-widget-image\" data-id=\"a66e8a0\" data-element_type=\"widget\" data-e-type=\"widget\" data-widget_type=\"image.default\">\n\t\t\t\t<div class=\"elementor-widget-container\">\n\t\t\t\t\t\t\t\t\t\t\t\t<figure class=\"wp-caption\">\n\t\t\t\t\t\t\t\t\t\t<img fetchpriority=\"high\" decoding=\"async\" width=\"640\" height=\"480\" src=\"https:\/\/solling-hospiz.de\/wp-content\/uploads\/2024\/02\/hospiz_20240224_06.jpg\" class=\"attachment-medium_large size-medium_large wp-image-632\" alt=\"\" srcset=\"https:\/\/solling-hospiz.de\/wp-content\/uploads\/2024\/02\/hospiz_20240224_06.jpg 640w, https:\/\/solling-hospiz.de\/wp-content\/uploads\/2024\/02\/hospiz_20240224_06-300x225.jpg 300w\" sizes=\"(max-width: 640px) 100vw, 640px\" \/>\t\t\t\t\t\t\t\t\t\t\t<figcaption class=\"widget-image-caption wp-caption-text\">Raum der Stille<\/figcaption>\n\t\t\t\t\t\t\t\t\t\t<\/figure>\n\t\t\t\t\t\t\t\t\t<\/div>\n\t\t\t\t<\/div>\n\t\t\t\t<div class=\"elementor-element elementor-element-636a6e6 elementor-widget elementor-widget-text-editor\" data-id=\"636a6e6\" data-element_type=\"widget\" data-e-type=\"widget\" data-widget_type=\"text-editor.default\">\n\t\t\t\t<div class=\"elementor-widget-container\">\n\t\t\t\t\t\t\t\t\t<p style=\"text-align: right;\"><strong>Unsere G\u00e4stezimmer.<\/strong><\/p><p style=\"text-align: right;\"><strong>Sie m\u00f6chten einige pers\u00f6nliche Gegenst\u00e4nde und kleine M\u00f6belst\u00fccke mitbringen?<br \/>Bitte sprechen Sie uns an, wir werden nat\u00fcrlich versuchen, dieses zu erm\u00f6glichen.<\/strong><\/p>\t\t\t\t\t\t\t\t<\/div>\n\t\t\t\t<\/div>\n\t\t\t\t<div class=\"elementor-element elementor-element-b803653 elementor-widget elementor-widget-image\" data-id=\"b803653\" data-element_type=\"widget\" data-e-type=\"widget\" data-widget_type=\"image.default\">\n\t\t\t\t<div class=\"elementor-widget-container\">\n\t\t\t\t\t\t\t\t\t\t\t\t<figure class=\"wp-caption\">\n\t\t\t\t\t\t\t\t\t\t<img decoding=\"async\" width=\"640\" height=\"480\" src=\"https:\/\/solling-hospiz.de\/wp-content\/uploads\/2024\/02\/hospiz_20240224_04.jpg\" class=\"attachment-large size-large wp-image-630\" alt=\"\" srcset=\"https:\/\/solling-hospiz.de\/wp-content\/uploads\/2024\/02\/hospiz_20240224_04.jpg 640w, https:\/\/solling-hospiz.de\/wp-content\/uploads\/2024\/02\/hospiz_20240224_04-300x225.jpg 300w\" sizes=\"(max-width: 640px) 100vw, 640px\" \/>\t\t\t\t\t\t\t\t\t\t\t<figcaption class=\"widget-image-caption wp-caption-text\">Badezimmer<\/figcaption>\n\t\t\t\t\t\t\t\t\t\t<\/figure>\n\t\t\t\t\t\t\t\t\t<\/div>\n\t\t\t\t<\/div>\n\t\t\t\t<div class=\"elementor-element elementor-element-2d74eb0 elementor-widget elementor-widget-spacer\" data-id=\"2d74eb0\" data-element_type=\"widget\" data-e-type=\"widget\" data-widget_type=\"spacer.default\">\n\t\t\t\t<div class=\"elementor-widget-container\">\n\t\t\t\t\t\t\t<div class=\"elementor-spacer\">\n\t\t\t<div class=\"elementor-spacer-inner\"><\/div>\n\t\t<\/div>\n\t\t\t\t\t\t<\/div>\n\t\t\t\t<\/div>\n\t\t\t\t<div class=\"elementor-element elementor-element-4555c15 elementor-widget elementor-widget-text-editor\" data-id=\"4555c15\" data-element_type=\"widget\" data-e-type=\"widget\" data-widget_type=\"text-editor.default\">\n\t\t\t\t<div class=\"elementor-widget-container\">\n\t\t\t\t\t\t\t\t\t<p style=\"text-align: right;\"><strong>Zentral gelegen, das Dienstzimmer unserer Mitarbeiter im Pflegedienst. Am zentralen Empfang und im Dienstzimmer finden Sie jederzeit einen Ansprechpartner f\u00fcr all Ihre Belange.<\/strong><\/p>\t\t\t\t\t\t\t\t<\/div>\n\t\t\t\t<\/div>\n\t\t\t\t\t<\/div>\n\t\t<\/div>\n\t\t\t\t<div class=\"elementor-column elementor-col-50 elementor-inner-column elementor-element elementor-element-6e4f80a\" data-id=\"6e4f80a\" data-element_type=\"column\" data-e-type=\"column\">\n\t\t\t<div class=\"elementor-widget-wrap elementor-element-populated\">\n\t\t\t\t\t\t<div class=\"elementor-element elementor-element-d7c7838 elementor-widget__width-initial elementor-widget elementor-widget-image\" data-id=\"d7c7838\" data-element_type=\"widget\" data-e-type=\"widget\" data-widget_type=\"image.default\">\n\t\t\t\t<div class=\"elementor-widget-container\">\n\t\t\t\t\t\t\t\t\t\t\t\t<figure class=\"wp-caption\">\n\t\t\t\t\t\t\t\t\t\t<img decoding=\"async\" width=\"640\" height=\"480\" src=\"https:\/\/solling-hospiz.de\/wp-content\/uploads\/2024\/02\/hospiz_20240224_09.jpg\" class=\"attachment-large size-large wp-image-635\" alt=\"\" srcset=\"https:\/\/solling-hospiz.de\/wp-content\/uploads\/2024\/02\/hospiz_20240224_09.jpg 640w, https:\/\/solling-hospiz.de\/wp-content\/uploads\/2024\/02\/hospiz_20240224_09-300x225.jpg 300w\" sizes=\"(max-width: 640px) 100vw, 640px\" \/>\t\t\t\t\t\t\t\t\t\t\t<figcaption class=\"widget-image-caption wp-caption-text\">Eingangshalle<\/figcaption>\n\t\t\t\t\t\t\t\t\t\t<\/figure>\n\t\t\t\t\t\t\t\t\t<\/div>\n\t\t\t\t<\/div>\n\t\t\t\t<div class=\"elementor-element elementor-element-c93763d elementor-widget elementor-widget-spacer\" data-id=\"c93763d\" data-element_type=\"widget\" data-e-type=\"widget\" data-widget_type=\"spacer.default\">\n\t\t\t\t<div class=\"elementor-widget-container\">\n\t\t\t\t\t\t\t<div class=\"elementor-spacer\">\n\t\t\t<div class=\"elementor-spacer-inner\"><\/div>\n\t\t<\/div>\n\t\t\t\t\t\t<\/div>\n\t\t\t\t<\/div>\n\t\t\t\t<div class=\"elementor-element elementor-element-4e732b6 elementor-widget elementor-widget-text-editor\" data-id=\"4e732b6\" data-element_type=\"widget\" data-e-type=\"widget\" data-widget_type=\"text-editor.default\">\n\t\t\t\t<div class=\"elementor-widget-container\">\n\t\t\t\t\t\t\t\t\t<p><strong>Raum der Stille.<\/strong><\/p><p><strong>Ein Ort zum Verweilen, zum Innehalten und zum gemeinsamen Austausch, aber auch ein Ort f\u00fcr Andachten, Kultur oder das Treffen mit Angeh\u00f6rigen. Ob musikalische Aktivit\u00e4ten, eine Lesung oder kleine Ausstellungen: Ein zentraler Ort, der den Tagesablauf im Hospiz bereichert und ein wenig Normalit\u00e4t in unsere R\u00e4ume tr\u00e4gt.<\/strong><\/p>\t\t\t\t\t\t\t\t<\/div>\n\t\t\t\t<\/div>\n\t\t\t\t<div class=\"elementor-element elementor-element-1ae15c5 elementor-widget elementor-widget-image\" data-id=\"1ae15c5\" data-element_type=\"widget\" data-e-type=\"widget\" data-widget_type=\"image.default\">\n\t\t\t\t<div class=\"elementor-widget-container\">\n\t\t\t\t\t\t\t\t\t\t\t\t<figure class=\"wp-caption\">\n\t\t\t\t\t\t\t\t\t\t<img loading=\"lazy\" decoding=\"async\" width=\"640\" height=\"480\" src=\"https:\/\/solling-hospiz.de\/wp-content\/uploads\/2024\/02\/hospiz_20240224_05.jpg\" class=\"attachment-large size-large wp-image-631\" alt=\"\" srcset=\"https:\/\/solling-hospiz.de\/wp-content\/uploads\/2024\/02\/hospiz_20240224_05.jpg 640w, https:\/\/solling-hospiz.de\/wp-content\/uploads\/2024\/02\/hospiz_20240224_05-300x225.jpg 300w\" sizes=\"(max-width: 640px) 100vw, 640px\" \/>\t\t\t\t\t\t\t\t\t\t\t<figcaption class=\"widget-image-caption wp-caption-text\">G\u00e4stezimmer<\/figcaption>\n\t\t\t\t\t\t\t\t\t\t<\/figure>\n\t\t\t\t\t\t\t\t\t<\/div>\n\t\t\t\t<\/div>\n\t\t\t\t<div class=\"elementor-element elementor-element-46349e3 elementor-widget elementor-widget-spacer\" data-id=\"46349e3\" data-element_type=\"widget\" data-e-type=\"widget\" data-widget_type=\"spacer.default\">\n\t\t\t\t<div class=\"elementor-widget-container\">\n\t\t\t\t\t\t\t<div class=\"elementor-spacer\">\n\t\t\t<div class=\"elementor-spacer-inner\"><\/div>\n\t\t<\/div>\n\t\t\t\t\t\t<\/div>\n\t\t\t\t<\/div>\n\t\t\t\t<div class=\"elementor-element elementor-element-5a443af elementor-widget elementor-widget-text-editor\" data-id=\"5a443af\" data-element_type=\"widget\" data-e-type=\"widget\" data-widget_type=\"text-editor.default\">\n\t\t\t\t<div class=\"elementor-widget-container\">\n\t\t\t\t\t\t\t\t\t<p><strong>Ein funktionales und barrierefreies Bad geh\u00f6rt zu jedem Zimmer. Hierbei haben wir darauf geachtet, dass die Benutzung typischer Mobilit\u00e4tshilfen ohne Probleme m\u00f6glich ist.<\/strong><\/p>\t\t\t\t\t\t\t\t<\/div>\n\t\t\t\t<\/div>\n\t\t\t\t<div class=\"elementor-element elementor-element-c9b89fe elementor-widget elementor-widget-image\" data-id=\"c9b89fe\" data-element_type=\"widget\" data-e-type=\"widget\" data-widget_type=\"image.default\">\n\t\t\t\t<div class=\"elementor-widget-container\">\n\t\t\t\t\t\t\t\t\t\t\t\t<figure class=\"wp-caption\">\n\t\t\t\t\t\t\t\t\t\t<img loading=\"lazy\" decoding=\"async\" width=\"480\" height=\"640\" src=\"https:\/\/solling-hospiz.de\/wp-content\/uploads\/2024\/02\/hospiz_20240224_02-rotated.jpg\" class=\"attachment-medium_large size-medium_large wp-image-628\" alt=\"\" srcset=\"https:\/\/solling-hospiz.de\/wp-content\/uploads\/2024\/02\/hospiz_20240224_02-rotated.jpg 480w, https:\/\/solling-hospiz.de\/wp-content\/uploads\/2024\/02\/hospiz_20240224_02-225x300.jpg 225w\" sizes=\"(max-width: 480px) 100vw, 480px\" \/>\t\t\t\t\t\t\t\t\t\t\t<figcaption class=\"widget-image-caption wp-caption-text\">Dienstzimmer Pflegepersonal<\/figcaption>\n\t\t\t\t\t\t\t\t\t\t<\/figure>\n\t\t\t\t\t\t\t\t\t<\/div>\n\t\t\t\t<\/div>\n\t\t\t\t\t<\/div>\n\t\t<\/div>\n\t\t\t\t\t<\/div>\n\t\t<\/section>\n\t\t\t\t<div class=\"elementor-element elementor-element-eec4414 elementor-widget elementor-widget-text-editor\" data-id=\"eec4414\" data-element_type=\"widget\" data-e-type=\"widget\" data-widget_type=\"text-editor.default\">\n\t\t\t\t<div class=\"elementor-widget-container\">\n\t\t\t\t\t\t\t\t\t<p style=\"text-align: center;\">Gerne w\u00fcrden wir Ihnen an dieser Stelle noch weitere Bilder zeigen. Da wir jedoch gerade unser Hospiz bezogen haben, finden auf den Au\u00dfenanlagen noch diverse Arbeiten statt, so dass die Au\u00dfenbereiche noch einer Baustelle gleichen. Wir gehen jedoch davon aus, dass sich auch das \u00e4u\u00dfere Bild im Laufe der n\u00e4chsten Wochen grundlegend \u00e4ndern wird und Sie auch um das Haus herum Orte finden, die zum Verweilen einladen.<\/p>\t\t\t\t\t\t\t\t<\/div>\n\t\t\t\t<\/div>\n\t\t\t\t\t<\/div>\n\t\t<\/div>\n\t\t\t\t\t<\/div>\n\t\t<\/section>\n\t\t\t\t<\/div>\n\t\t","protected":false},"excerpt":{"rendered":"<p>Kommen Sie mit auf einen Rundgang durch unser Hospiz &#8230; Unser Haus ist eine neu erbaute Einrichtung und vereint unter einem Dach alle regionalen Partner, die sich um die Hospiz- &#8230;<\/p>\n","protected":false},"author":1,"featured_media":0,"parent":0,"menu_order":0,"comment_status":"closed","ping_status":"closed","template":"","meta":{"footnotes":""},"class_list":["post-636","page","type-page","status-publish","hentry"],"_links":{"self":[{"href":"https:\/\/solling-hospiz.de\/index.php\/wp-json\/wp\/v2\/pages\/636","targetHints":{"allow":["GET"]}}],"collection":[{"href":"https:\/\/solling-hospiz.de\/index.php\/wp-json\/wp\/v2\/pages"}],"about":[{"href":"https:\/\/solling-hospiz.de\/index.php\/wp-json\/wp\/v2\/types\/page"}],"author":[{"embeddable":true,"href":"https:\/\/solling-hospiz.de\/index.php\/wp-json\/wp\/v2\/users\/1"}],"replies":[{"embeddable":true,"href":"https:\/\/solling-hospiz.de\/index.php\/wp-json\/wp\/v2\/comments?post=636"}],"version-history":[{"count":26,"href":"https:\/\/solling-hospiz.de\/index.php\/wp-json\/wp\/v2\/pages\/636\/revisions"}],"predecessor-version":[{"id":752,"href":"https:\/\/solling-hospiz.de\/index.php\/wp-json\/wp\/v2\/pages\/636\/revisions\/752"}],"wp:attachment":[{"href":"https:\/\/solling-hospiz.de\/index.php\/wp-json\/wp\/v2\/media?parent=636"}],"curies":[{"name":"wp","href":"https:\/\/api.w.org\/{rel}","templated":true}]}}