{"id":80,"date":"2021-12-01T12:13:48","date_gmt":"2021-12-01T12:13:48","guid":{"rendered":"https:\/\/solling-hospiz.de\/?page_id=80"},"modified":"2024-07-03T13:06:19","modified_gmt":"2024-07-03T13:06:19","slug":"informationen","status":"publish","type":"page","link":"https:\/\/solling-hospiz.de\/index.php\/informationen\/","title":{"rendered":"Solling-Hospiz"},"content":{"rendered":"\t\t<div data-elementor-type=\"wp-page\" data-elementor-id=\"80\" class=\"elementor elementor-80\">\n\t\t\t\t\t\t<section class=\"elementor-section elementor-top-section elementor-element elementor-element-6092f9c elementor-section-boxed elementor-section-height-default elementor-section-height-default\" data-id=\"6092f9c\" data-element_type=\"section\" data-e-type=\"section\">\n\t\t\t\t\t\t<div class=\"elementor-container elementor-column-gap-default\">\n\t\t\t\t\t<div class=\"elementor-column elementor-col-100 elementor-top-column elementor-element elementor-element-38bf79a\" data-id=\"38bf79a\" data-element_type=\"column\" data-e-type=\"column\">\n\t\t\t<div class=\"elementor-widget-wrap elementor-element-populated\">\n\t\t\t\t\t\t<div class=\"elementor-element elementor-element-47aa8e3 elementor-widget elementor-widget-text-editor\" data-id=\"47aa8e3\" data-element_type=\"widget\" data-e-type=\"widget\" data-widget_type=\"text-editor.default\">\n\t\t\t\t<div class=\"elementor-widget-container\">\n\t\t\t\t\t\t\t\t\t<p>Unser Hospiz ist eine neu erbaute Einrichtung in Stadtoldendorf und liegt in unmittelbarer Nachbarschaft zum Gesundheitszentrum Charlottenstift.<\/p><p>Das Ziel unseres Hauses ist es, unheilbar erkrankten Menschen in der letzten Zeit ihres Lebens eine Versorgung zukommen zu lassen, bei der sowohl die Betroffenen wie auch die Angeh\u00f6rigen im Mittelunkt stehen. Wir wollen sie in dieser Zeit medizinisch und pflegerisch professionell betreuen und ein Ort der Geborgenheit sein.<\/p><p>Ihre ganz individuellen Bed\u00fcrfnisse nach Versorgung und menschlicher Zuwendung sowie der Wunsch, in der letzten Lebensphase nicht alleine zu sein, stehen im Mittelpunkt unserer Arbeit. Dar\u00fcber hinaus engagiert sich ein Team kompetenter \u00c4rzte und Pflegekr\u00e4fte, um belastende Symptome bestm\u00f6glich zu behandeln.<\/p><p>Erg\u00e4nzt wird unser Team durch die ehrenamtlich t\u00e4tigen Helfer des Hospizvereins Region Holzminden e.V., die sich ganz nach Ihren Bed\u00fcrfnissen um Sie k\u00fcmmern.<\/p>\t\t\t\t\t\t\t\t<\/div>\n\t\t\t\t<\/div>\n\t\t\t\t<div class=\"elementor-element elementor-element-3fc617c elementor-widget-divider--view-line elementor-widget elementor-widget-divider\" data-id=\"3fc617c\" data-element_type=\"widget\" data-e-type=\"widget\" data-widget_type=\"divider.default\">\n\t\t\t\t<div class=\"elementor-widget-container\">\n\t\t\t\t\t\t\t<div class=\"elementor-divider\">\n\t\t\t<span class=\"elementor-divider-separator\">\n\t\t\t\t\t\t<\/span>\n\t\t<\/div>\n\t\t\t\t\t\t<\/div>\n\t\t\t\t<\/div>\n\t\t\t\t<div class=\"elementor-element elementor-element-6d8439d elementor-widget elementor-widget-text-editor\" data-id=\"6d8439d\" data-element_type=\"widget\" data-e-type=\"widget\" data-widget_type=\"text-editor.default\">\n\t\t\t\t<div class=\"elementor-widget-container\">\n\t\t\t\t\t\t\t\t\t<p>Das Palliativnetz Region Holzminden e.V. als Betreiber des Hospizes versteht sich als Bestandteil eines ganzheitlichen Versorgungskonzeptes. Daher ist das station\u00e4re Hospiz lediglich ein Bestandteil einer viel gr\u00f6\u00dferen und auch ambulant t\u00e4tigen Struktur. Immer dann, wenn aufgrund krankheitsspezifischer oder sozialer Problemlagen die Versorgung in der eigenen H\u00e4uslichkeit nicht mehr oder vor\u00fcbergehend nicht m\u00f6glich ist, stehen wir Ihnen zur Seite. Durch die enge Verbindung zu ambulant t\u00e4tigen Partnern unterst\u00fctzen wir Sie bei der Organisation der h\u00e4uslichen Versorgung, so dass Ihr Aufenthalt in unserem Haus lediglich diese Zeit \u00fcberbr\u00fcckt.<\/p><p>Hierbei arbeiten wir eng mit Haus\u00e4rztinnen und Haus\u00e4rzten, Palliativmedizinern, Pflegediensten sowie Physio- und Ergotherapeutinnen- und Therapeuten, Sozialarbeitern und Seelsorgern zusammen, indem wir ihnen jederzeit Zugang zu unseren G\u00e4sten gew\u00e4hren. Die Arbeitsabl\u00e4ufe in unserem Haus orientieren sich hierbei an den jeweiligen Besuchen.<\/p><p>Unser Hospiz ist weltanschaulich f\u00fcr jeden offen, der unsere Unterst\u00fctzung ben\u00f6tigt.<\/p>\t\t\t\t\t\t\t\t<\/div>\n\t\t\t\t<\/div>\n\t\t\t\t<div class=\"elementor-element elementor-element-507c2bc elementor-widget-divider--view-line elementor-widget elementor-widget-divider\" data-id=\"507c2bc\" data-element_type=\"widget\" data-e-type=\"widget\" data-widget_type=\"divider.default\">\n\t\t\t\t<div class=\"elementor-widget-container\">\n\t\t\t\t\t\t\t<div class=\"elementor-divider\">\n\t\t\t<span class=\"elementor-divider-separator\">\n\t\t\t\t\t\t<\/span>\n\t\t<\/div>\n\t\t\t\t\t\t<\/div>\n\t\t\t\t<\/div>\n\t\t\t\t<div class=\"elementor-element elementor-element-e01dc34 elementor-widget elementor-widget-text-editor\" data-id=\"e01dc34\" data-element_type=\"widget\" data-e-type=\"widget\" data-widget_type=\"text-editor.default\">\n\t\t\t\t<div class=\"elementor-widget-container\">\n\t\t\t\t\t\t\t\t\t<p>Die Kosten der Unterbringung in einem Hospiz werden durch die Krankenkassen getragen. Den G\u00e4sten in einem Hospiz entstehen durch diese besondere Form der Zuwendung und Pflege keine Kosten. Der Gesetzgeber hat aber vorgesehen, dass die Betriebskosten f\u00fcr ein Hospiz lediglich zu 95 % durch die Krankenversicherungen gedeckt werden.<\/p>\n<p>Die verbleibenden 5 % sind nach dem Willen des Gesetzgebers durch Spenden zu finanzieren. Nicht nur f\u00fcr uns, sondern f\u00fcr jedes Hospiz ist es somit eine gro\u00dfe Herausforderung, die Kosten der Versorgung zu decken. Dies insbesondere vor dem Hintergrund insgesamt steigender Kosten in allen Lebensbereichen.<\/p>\n<p>Durch Ihre Spende oder die Mitgliedschaft im <a href=\"https:\/\/solling-hospiz.de\/index.php\/mitglied-werden\/\">F\u00f6rderverein Solling-Hospiz Christine Amalie e.V.<\/a> tragen Sie dazu bei, dass dieses Angebot der station\u00e4ren Versorgung schwerstkranker Menschen existiert und erhalten bleibt.<\/p>\t\t\t\t\t\t\t\t<\/div>\n\t\t\t\t<\/div>\n\t\t\t\t\t<\/div>\n\t\t<\/div>\n\t\t\t\t\t<\/div>\n\t\t<\/section>\n\t\t\t\t<\/div>\n\t\t","protected":false},"excerpt":{"rendered":"<p>Unser Hospiz ist eine neu erbaute Einrichtung in Stadtoldendorf und liegt in unmittelbarer Nachbarschaft zum Gesundheitszentrum Charlottenstift. Das Ziel unseres Hauses ist es, unheilbar erkrankten Menschen in der letzten Zeit &#8230;<\/p>\n","protected":false},"author":1,"featured_media":0,"parent":0,"menu_order":0,"comment_status":"closed","ping_status":"closed","template":"","meta":{"footnotes":""},"class_list":["post-80","page","type-page","status-publish","hentry"],"_links":{"self":[{"href":"https:\/\/solling-hospiz.de\/index.php\/wp-json\/wp\/v2\/pages\/80","targetHints":{"allow":["GET"]}}],"collection":[{"href":"https:\/\/solling-hospiz.de\/index.php\/wp-json\/wp\/v2\/pages"}],"about":[{"href":"https:\/\/solling-hospiz.de\/index.php\/wp-json\/wp\/v2\/types\/page"}],"author":[{"embeddable":true,"href":"https:\/\/solling-hospiz.de\/index.php\/wp-json\/wp\/v2\/users\/1"}],"replies":[{"embeddable":true,"href":"https:\/\/solling-hospiz.de\/index.php\/wp-json\/wp\/v2\/comments?post=80"}],"version-history":[{"count":74,"href":"https:\/\/solling-hospiz.de\/index.php\/wp-json\/wp\/v2\/pages\/80\/revisions"}],"predecessor-version":[{"id":742,"href":"https:\/\/solling-hospiz.de\/index.php\/wp-json\/wp\/v2\/pages\/80\/revisions\/742"}],"wp:attachment":[{"href":"https:\/\/solling-hospiz.de\/index.php\/wp-json\/wp\/v2\/media?parent=80"}],"curies":[{"name":"wp","href":"https:\/\/api.w.org\/{rel}","templated":true}]}}